{"id":370,"date":"2026-03-22T22:21:49","date_gmt":"2026-03-22T22:21:49","guid":{"rendered":"https:\/\/bistroatocha.es\/?page_id=370"},"modified":"2026-03-22T22:51:32","modified_gmt":"2026-03-22T22:51:32","slug":"oferta-nigth","status":"publish","type":"page","link":"https:\/\/bistroatocha.es\/?page_id=370","title":{"rendered":"Oferta nigth"},"content":{"rendered":"<p>[et_pb_section fb_built=\u00bb1&#8243; fullwidth=\u00bbon\u00bb disabled_on=\u00bboff|off|off\u00bb admin_label=\u00bbHero\u00bb _builder_version=\u00bb4.16&#8243; background_color=\u00bb#1f1f1f\u00bb parallax=\u00bbon\u00bb custom_padding=\u00bb|||\u00bb transparent_background=\u00bbon\u00bb global_colors_info=\u00bb{}\u00bb][et_pb_fullwidth_header title=\u00bbCuando cae la tarde, empieza lo bueno.\u00bb text_orientation=\u00bbcenter\u00bb background_overlay_color=\u00bbrgba(31,31,31,0.85)\u00bb subhead_font_color=\u00bb#bebebe\u00bb _builder_version=\u00bb4.27.4&#8243; title_font=\u00bbPlayfair Display||||\u00bb title_text_color=\u00bb#ffffff\u00bb title_font_size=\u00bb72px\u00bb title_line_height=\u00bb1.3em\u00bb content_font=\u00bbMontserrat||||\u00bb content_text_color=\u00bb#bfbfbf\u00bb content_font_size=\u00bb19px\u00bb content_line_height=\u00bb1.8em\u00bb subhead_font=\u00bbMontserrat||||\u00bb subhead_text_color=\u00bb#bebebe\u00bb subhead_line_height=\u00bb1.8em\u00bb background_color=\u00bbrgba(255, 255, 255, 0)\u00bb background_image=\u00bbhttp:\/\/bistroatocha.es\/wp-content\/uploads\/2026\/03\/Portada.png\u00bb custom_padding=\u00bb0%||5%|||\u00bb animation_style=\u00bbzoom\u00bb animation_duration=\u00bb1500ms\u00bb animation_intensity_zoom=\u00bb4%\u00bb hover_enabled=\u00bb0&#8243; title_line_height_last_edited=\u00bboff|desktop\u00bb global_colors_info=\u00bb{}\u00bb button_one_text_size__hover_enabled=\u00bboff\u00bb button_two_text_size__hover_enabled=\u00bboff\u00bb button_one_text_color__hover_enabled=\u00bboff\u00bb button_two_text_color__hover_enabled=\u00bboff\u00bb button_one_border_width__hover_enabled=\u00bboff\u00bb button_two_border_width__hover_enabled=\u00bboff\u00bb button_one_border_color__hover_enabled=\u00bboff\u00bb button_two_border_color__hover_enabled=\u00bboff\u00bb button_one_border_radius__hover_enabled=\u00bboff\u00bb button_two_border_radius__hover_enabled=\u00bboff\u00bb button_one_letter_spacing__hover_enabled=\u00bboff\u00bb button_two_letter_spacing__hover_enabled=\u00bboff\u00bb button_one_bg_color__hover_enabled=\u00bboff\u00bb button_two_bg_color__hover_enabled=\u00bboff\u00bb title_text=\u00bbPortada\u00bb background_size=\u00bbinitial\u00bb sticky_enabled=\u00bb0&#8243; title_last_edited=\u00bbon|phone\u00bb title_tablet=\u00bbCuando cae la tarde, empieza lo bueno.\u00bb title_phone=\u00bbCuando cae la tarde, empieza lo bueno.\u00bb]<\/p>\n<p>&nbsp;<\/p>\n<h4>Cada noche a partir de las 18h, el Bistro Atocha te ofrece una selecci\u00f3n especial de platos con precios reducidos. La misma calidad de siempre, en el momento m\u00e1s tranquilo del d\u00eda. Porque una buena mesa no deber\u00eda ser un lujo.<\/h4>\n<p>&nbsp;<\/p>\n<p>[\/et_pb_fullwidth_header][\/et_pb_section][et_pb_section fb_built=\u00bb1&#8243; _builder_version=\u00bb4.22.1&#8243; _module_preset=\u00bbdefault\u00bb global_colors_info=\u00bb{}\u00bb][et_pb_row column_structure=\u00bb1_2,1_2&#8243; _builder_version=\u00bb4.22.1&#8243; _module_preset=\u00bbdefault\u00bb global_colors_info=\u00bb{}\u00bb][et_pb_column type=\u00bb1_2&#8243; _builder_version=\u00bb4.22.1&#8243; _module_preset=\u00bbdefault\u00bb global_colors_info=\u00bb{}\u00bb][et_pb_image src=\u00bbhttp:\/\/bistroatocha.es\/wp-content\/uploads\/2026\/03\/Calamares-scaled.jpg\u00bb title_text=\u00bbCalamares\u00bb _builder_version=\u00bb4.27.4&#8243; _module_preset=\u00bbdefault\u00bb global_colors_info=\u00bb{}\u00bb][\/et_pb_image][\/et_pb_column][et_pb_column type=\u00bb1_2&#8243; _builder_version=\u00bb4.22.1&#8243; _module_preset=\u00bbdefault\u00bb global_colors_info=\u00bb{}\u00bb][et_pb_image src=\u00bbhttp:\/\/bistroatocha.es\/wp-content\/uploads\/2026\/03\/lacon-scaled.jpg\u00bb title_text=\u00bblacon\u00bb _builder_version=\u00bb4.27.4&#8243; _module_preset=\u00bbdefault\u00bb global_colors_info=\u00bb{}\u00bb][\/et_pb_image][\/et_pb_column][\/et_pb_row][et_pb_row column_structure=\u00bb1_2,1_2&#8243; disabled_on=\u00bboff|off|off\u00bb _builder_version=\u00bb4.22.1&#8243; _module_preset=\u00bbdefault\u00bb global_colors_info=\u00bb{}\u00bb][et_pb_column type=\u00bb1_2&#8243; _builder_version=\u00bb4.22.1&#8243; _module_preset=\u00bbdefault\u00bb global_colors_info=\u00bb{}\u00bb][et_pb_image src=\u00bbhttp:\/\/bistroatocha.es\/wp-content\/uploads\/2026\/03\/Cachopo.jpeg\u00bb title_text=\u00bbCachopo\u00bb _builder_version=\u00bb4.27.4&#8243; _module_preset=\u00bbdefault\u00bb global_colors_info=\u00bb{}\u00bb][\/et_pb_image][\/et_pb_column][et_pb_column type=\u00bb1_2&#8243; _builder_version=\u00bb4.22.1&#8243; _module_preset=\u00bbdefault\u00bb global_colors_info=\u00bb{}\u00bb][et_pb_image src=\u00bbhttp:\/\/bistroatocha.es\/wp-content\/uploads\/2026\/03\/Torresnos.jpeg\u00bb title_text=\u00bbTorresnos\u00bb _builder_version=\u00bb4.27.4&#8243; _module_preset=\u00bbdefault\u00bb global_colors_info=\u00bb{}\u00bb][\/et_pb_image][\/et_pb_column][\/et_pb_row][et_pb_row column_structure=\u00bb1_2,1_2&#8243; disabled_on=\u00bboff|off|off\u00bb _builder_version=\u00bb4.22.1&#8243; _module_preset=\u00bbdefault\u00bb global_colors_info=\u00bb{}\u00bb][et_pb_column type=\u00bb1_2&#8243; _builder_version=\u00bb4.22.1&#8243; _module_preset=\u00bbdefault\u00bb global_colors_info=\u00bb{}\u00bb][et_pb_image src=\u00bbhttp:\/\/bistroatocha.es\/wp-content\/uploads\/2026\/03\/HuevosRotos.jpeg\u00bb title_text=\u00bbHuevosRotos\u00bb _builder_version=\u00bb4.27.4&#8243; _module_preset=\u00bbdefault\u00bb global_colors_info=\u00bb{}\u00bb][\/et_pb_image][\/et_pb_column][et_pb_column type=\u00bb1_2&#8243; _builder_version=\u00bb4.22.1&#8243; _module_preset=\u00bbdefault\u00bb global_colors_info=\u00bb{}\u00bb][et_pb_image src=\u00bbhttp:\/\/bistroatocha.es\/wp-content\/uploads\/2026\/03\/chocofrito-scaled.jpg\u00bb title_text=\u00bbchocofrito\u00bb _builder_version=\u00bb4.27.4&#8243; _module_preset=\u00bbdefault\u00bb global_colors_info=\u00bb{}\u00bb][\/et_pb_image][\/et_pb_column][\/et_pb_row][\/et_pb_section][et_pb_section fb_built=\u00bb1&#8243; admin_label=\u00bbContact Us\u00bb _builder_version=\u00bb4.16&#8243; background_color=\u00bbrgba(0,0,0,0.75)\u00bb background_image=\u00bbhttp:\/\/bistroatocha.es\/wp-content\/uploads\/2023\/09\/restaurant-hero-03-1.jpg\u00bb background_blend=\u00bbcolor\u00bb min_height=\u00bb525.1px\u00bb custom_padding=\u00bb0px|0px|100px|0px||\u00bb locked=\u00bboff\u00bb collapsed=\u00bboff\u00bb global_colors_info=\u00bb{}\u00bb][et_pb_row column_structure=\u00bb1_2,1_2&#8243; make_equal=\u00bbon\u00bb _builder_version=\u00bb4.16&#8243; background_size=\u00bbinitial\u00bb background_position=\u00bbtop_left\u00bb background_repeat=\u00bbrepeat\u00bb max_width=\u00bb1280px\u00bb custom_margin=\u00bb|auto|-205px|auto||\u00bb custom_padding=\u00bb0px|0px|0px|||\u00bb use_custom_width=\u00bbon\u00bb custom_width_px=\u00bb1280px\u00bb global_colors_info=\u00bb{}\u00bb][et_pb_column type=\u00bb1_2&#8243; _builder_version=\u00bb4.16&#8243; background_color=\u00bb#1f1f1f\u00bb custom_padding=\u00bb100px|5%|100px|5%\u00bb global_colors_info=\u00bb{}\u00bb custom_padding__hover=\u00bb|||\u00bb][et_pb_text _builder_version=\u00bb4.16&#8243; text_font=\u00bbPlayfair Display||||\u00bb text_font_size=\u00bb30px\u00bb text_line_height=\u00bb1.3em\u00bb header_font=\u00bb||||||||\u00bb header_3_font=\u00bbPlayfair Display||||||||\u00bb header_3_font_size=\u00bb30px\u00bb header_3_line_height=\u00bb1.3em\u00bb background_size=\u00bbinitial\u00bb background_position=\u00bbtop_left\u00bb background_repeat=\u00bbrepeat\u00bb text_orientation=\u00bbcenter\u00bb background_layout=\u00bbdark\u00bb max_width=\u00bb400px\u00bb module_alignment=\u00bbcenter\u00bb custom_padding=\u00bb||30px|\u00bb global_colors_info=\u00bb{}\u00bb]<\/p>\n<div class=\"et_pb_module et_pb_text et_pb_text_43  et_pb_text_align_center et_pb_bg_layout_light\">\n<div class=\"et_pb_text_inner\">\n<h3>Nuestro Horario<\/h3>\n<\/div>\n<\/div>\n<p>[\/et_pb_text][et_pb_text _builder_version=\u00bb4.22.1&#8243; text_font=\u00bbMontserrat||||\u00bb text_text_color=\u00bb#ffffff\u00bb text_font_size=\u00bb15px\u00bb text_letter_spacing=\u00bb1px\u00bb text_line_height=\u00bb1.9em\u00bb background_size=\u00bbinitial\u00bb background_position=\u00bbtop_left\u00bb background_repeat=\u00bbrepeat\u00bb text_orientation=\u00bbcenter\u00bb module_alignment=\u00bbcenter\u00bb min_height=\u00bb161.3px\u00bb custom_margin=\u00bb12px||12px|\u00bb custom_padding=\u00bb||0px|||\u00bb animation_style=\u00bbzoom\u00bb animation_intensity_zoom=\u00bb20%\u00bb global_colors_info=\u00bb{}\u00bb]<\/p>\n<p><strong>Lunes<br \/><\/strong><span style=\"font-size: 15px;\"><\/span><\/p>\n<div class=\"et_pb_module et_pb_text et_pb_text_45 et_pb_text_align_center et_pb_bg_layout_light et_had_animation\">\n<div class=\"et_pb_text_inner\">\n<p>06:30 am \u2013 18:00 pm<\/p>\n<\/div>\n<\/div>\n<p><strong>Martes-Sabado<br \/><\/strong><span style=\"font-size: 15px;\"><\/span><\/p>\n<div class=\"et_pb_module et_pb_text et_pb_text_45 et_pb_text_align_center et_pb_bg_layout_light et_had_animation\">\n<div class=\"et_pb_text_inner\">\n<p>06:30 am \u2013 24:00 pm<\/p>\n<p>Domingo<\/p>\n<p>8:00 am \u2013 24:00pm<\/p>\n<\/div>\n<\/div>\n<p>&nbsp;<\/p>\n<p>[\/et_pb_text][et_pb_divider show_divider=\u00bboff\u00bb disabled_on=\u00bbon|on|off%22%22%22%22&#8243; _builder_version=\u00bb4.16&#8243; max_width=\u00bb400px\u00bb module_alignment=\u00bbcenter\u00bb height=\u00bb2px\u00bb custom_margin=\u00bb||0px|\u00bb custom_padding=\u00bb|||\u00bb animation_style=\u00bbzoom\u00bb animation_intensity_zoom=\u00bb20%\u00bb global_colors_info=\u00bb{}\u00bb][\/et_pb_divider][et_pb_divider show_divider=\u00bboff\u00bb disabled_on=\u00bbon|on|off%22%22%22%22&#8243; _builder_version=\u00bb4.16&#8243; max_width=\u00bb400px\u00bb module_alignment=\u00bbcenter\u00bb height=\u00bb2px\u00bb custom_margin=\u00bb||0px|\u00bb custom_padding=\u00bb|||\u00bb animation_style=\u00bbzoom\u00bb animation_intensity_zoom=\u00bb20%\u00bb locked=\u00bboff\u00bb global_colors_info=\u00bb{}\u00bb][\/et_pb_divider][\/et_pb_column][et_pb_column type=\u00bb1_2&#8243; _builder_version=\u00bb4.16&#8243; background_color=\u00bb#1f1f1f\u00bb custom_padding=\u00bb100px|5%|100px|5%\u00bb global_colors_info=\u00bb{}\u00bb custom_padding__hover=\u00bb|||\u00bb][et_pb_text _builder_version=\u00bb4.16&#8243; text_font=\u00bbMontserrat||||\u00bb text_text_color=\u00bbrgba(255,255,255,0.8)\u00bb text_font_size=\u00bb17px\u00bb text_line_height=\u00bb1.8em\u00bb header_font=\u00bb||||||||\u00bb header_font_size=\u00bb24px\u00bb header_3_font=\u00bb||||||||\u00bb background_size=\u00bbinitial\u00bb background_position=\u00bbtop_left\u00bb background_repeat=\u00bbrepeat\u00bb text_orientation=\u00bbcenter\u00bb background_layout=\u00bbdark\u00bb module_alignment=\u00bbcenter\u00bb global_colors_info=\u00bb{}\u00bb]<\/p>\n<h3>Tu mensaje<\/h3>\n<p>Puedes pinchar aqui y dejarnos un mensaje, realizar una reservar<\/p>\n<p>[\/et_pb_text][et_pb_button button_url=\u00bbhttps:\/\/bistroatocha.es\/?page_id=110&#8243; button_text=\u00bbContactactanos\u00bb button_alignment=\u00bbcenter\u00bb disabled_on=\u00bboff|off|off\u00bb _builder_version=\u00bb4.22.1&#8243; custom_button=\u00bbon\u00bb button_text_size=\u00bb15px\u00bb button_text_color=\u00bb#ffffff\u00bb button_bg_color=\u00bb#c39d63&#8243; button_border_width=\u00bb2px\u00bb button_border_color=\u00bb#c39d63&#8243; button_border_radius=\u00bb0px\u00bb button_letter_spacing=\u00bb2px\u00bb button_font=\u00bbMontserrat|||on|\u00bb button_use_icon=\u00bboff\u00bb custom_margin=\u00bb||80px|\u00bb button_border_radius_hover=\u00bb0px\u00bb button_letter_spacing_hover=\u00bb2px\u00bb locked=\u00bboff\u00bb global_colors_info=\u00bb{}\u00bb button_text_size__hover_enabled=\u00bboff\u00bb button_one_text_size__hover_enabled=\u00bboff\u00bb button_two_text_size__hover_enabled=\u00bboff\u00bb button_text_color__hover_enabled=\u00bboff\u00bb button_one_text_color__hover_enabled=\u00bboff\u00bb button_two_text_color__hover_enabled=\u00bboff\u00bb button_border_width__hover_enabled=\u00bboff\u00bb button_one_border_width__hover_enabled=\u00bboff\u00bb button_two_border_width__hover_enabled=\u00bboff\u00bb button_border_color__hover_enabled=\u00bboff\u00bb button_one_border_color__hover_enabled=\u00bboff\u00bb button_two_border_color__hover_enabled=\u00bboff\u00bb button_border_radius__hover_enabled=\u00bbon\u00bb button_border_radius__hover=\u00bb0px\u00bb button_one_border_radius__hover_enabled=\u00bboff\u00bb button_two_border_radius__hover_enabled=\u00bboff\u00bb button_letter_spacing__hover_enabled=\u00bbon\u00bb button_letter_spacing__hover=\u00bb2px\u00bb button_one_letter_spacing__hover_enabled=\u00bboff\u00bb button_two_letter_spacing__hover_enabled=\u00bboff\u00bb button_bg_color__hover_enabled=\u00bboff\u00bb button_one_bg_color__hover_enabled=\u00bboff\u00bb button_two_bg_color__hover_enabled=\u00bboff\u00bb][\/et_pb_button][et_pb_text _builder_version=\u00bb4.22.1&#8243; text_font=\u00bbPlayfair Display||||\u00bb text_text_color=\u00bb#1f1f1f\u00bb text_font_size=\u00bb24px\u00bb text_line_height=\u00bb1.3em\u00bb background_size=\u00bbinitial\u00bb background_position=\u00bbtop_left\u00bb background_repeat=\u00bbrepeat\u00bb text_orientation=\u00bbcenter\u00bb module_alignment=\u00bbcenter\u00bb custom_margin=\u00bb||12px|\u00bb custom_padding=\u00bb|||\u00bb animation_style=\u00bbslide\u00bb animation_direction=\u00bbbottom\u00bb saved_tabs=\u00bball\u00bb locked=\u00bboff\u00bb global_colors_info=\u00bb{}\u00bb]<\/p>\n<p><span style=\"color: #ffffff;\">Calle de Tortosa, 7, C. de M\u00e9ndez \u00c1lvaro, 12, 28045 Madrid.<br \/><\/span><\/p>\n<p><span style=\"color: #ffffff;\">Tel: <span style=\"color: #65b21e;\"><strong>+34912329718<br \/>Tel: <a href=\"https:\/\/api.whatsapp.com\/send?phone=34655901490\"><span style=\"color: #ffffff;\">+34655901490<\/span><\/a><br \/><\/strong><\/span><\/span><\/p>\n<p><span style=\"color: #ffffff;\"><span style=\"color: #65b21e;\"><strong><\/strong><\/span><\/span><\/p>\n<p>[\/et_pb_text][et_pb_social_media_follow _builder_version=\u00bb4.24.2&#8243; _module_preset=\u00bbdefault\u00bb text_orientation=\u00bbcenter\u00bb global_colors_info=\u00bb{}\u00bb][et_pb_social_media_follow_network social_network=\u00bbfacebook\u00bb url=\u00bbhttps:\/\/www.facebook.com\/bistro.atocha\u00bb _builder_version=\u00bb4.22.1&#8243; _module_preset=\u00bbdefault\u00bb background_color=\u00bb#3b5998&#8243; global_colors_info=\u00bb{}\u00bb follow_button=\u00bboff\u00bb url_new_window=\u00bbon\u00bb]facebook[\/et_pb_social_media_follow_network][et_pb_social_media_follow_network social_network=\u00bbwhatsapp\u00bb url=\u00bbhttps:\/\/api.whatsapp.com\/send?phone=34655901490&#8243; _builder_version=\u00bb4.24.2&#8243; _module_preset=\u00bbdefault\u00bb background_color=\u00bb#25D366&#8243; global_colors_info=\u00bb{}\u00bb follow_button=\u00bboff\u00bb url_new_window=\u00bbon\u00bb]whatsapp[\/et_pb_social_media_follow_network][et_pb_social_media_follow_network social_network=\u00bbinstagram\u00bb url=\u00bbhttps:\/\/www.instagram.com\/bistroatocha\/\u00bb _builder_version=\u00bb4.22.1&#8243; _module_preset=\u00bbdefault\u00bb background_color=\u00bb#ea2c59&#8243; global_colors_info=\u00bb{}\u00bb follow_button=\u00bboff\u00bb url_new_window=\u00bbon\u00bb]instagram[\/et_pb_social_media_follow_network][\/et_pb_social_media_follow][\/et_pb_column][\/et_pb_row][\/et_pb_section]<\/p>\n","protected":false},"excerpt":{"rendered":"<p>&nbsp; Cada noche a partir de las 18h, el Bistro Atocha te ofrece una selecci\u00f3n especial de platos con precios reducidos. La misma calidad de siempre, en el momento m\u00e1s tranquilo del d\u00eda. Porque una buena mesa no deber\u00eda ser un lujo. &nbsp; Nuestro Horario Lunes 06:30 am \u2013 18:00 pm Martes-Sabado 06:30 am \u2013 [&hellip;]<\/p>\n","protected":false},"author":2,"featured_media":0,"parent":0,"menu_order":0,"comment_status":"closed","ping_status":"closed","template":"","meta":{"_et_pb_use_builder":"on","_et_pb_old_content":"","_et_gb_content_width":"","_monsterinsights_skip_tracking":false,"_monsterinsights_sitenote_active":false,"_monsterinsights_sitenote_note":"","_monsterinsights_sitenote_category":0,"footnotes":""},"class_list":["post-370","page","type-page","status-publish","hentry"],"_links":{"self":[{"href":"https:\/\/bistroatocha.es\/index.php?rest_route=\/wp\/v2\/pages\/370","targetHints":{"allow":["GET"]}}],"collection":[{"href":"https:\/\/bistroatocha.es\/index.php?rest_route=\/wp\/v2\/pages"}],"about":[{"href":"https:\/\/bistroatocha.es\/index.php?rest_route=\/wp\/v2\/types\/page"}],"author":[{"embeddable":true,"href":"https:\/\/bistroatocha.es\/index.php?rest_route=\/wp\/v2\/users\/2"}],"replies":[{"embeddable":true,"href":"https:\/\/bistroatocha.es\/index.php?rest_route=%2Fwp%2Fv2%2Fcomments&post=370"}],"version-history":[{"count":7,"href":"https:\/\/bistroatocha.es\/index.php?rest_route=\/wp\/v2\/pages\/370\/revisions"}],"predecessor-version":[{"id":394,"href":"https:\/\/bistroatocha.es\/index.php?rest_route=\/wp\/v2\/pages\/370\/revisions\/394"}],"wp:attachment":[{"href":"https:\/\/bistroatocha.es\/index.php?rest_route=%2Fwp%2Fv2%2Fmedia&parent=370"}],"curies":[{"name":"wp","href":"https:\/\/api.w.org\/{rel}","templated":true}]}}